{"id":24,"date":"2015-11-17T18:34:30","date_gmt":"2015-11-17T17:34:30","guid":{"rendered":"http:\/\/vaillant-blog.local\/?page_id=24"},"modified":"2022-07-21T09:37:00","modified_gmt":"2022-07-21T07:37:00","slug":"netiquette","status":"publish","type":"page","link":"https:\/\/www.vaillant.de\/21-grad\/netiquette\/","title":{"rendered":"Netiquette"},"content":{"rendered":"<section class=\"content_paragraph\">\n<p class=\"content_paragraph\"><strong>Liebe 21 grad Leser,<\/strong><\/p>\n<\/section>\n<section class=\"content_paragraph\">\n<section class=\"content_paragraph\">in unserem 21 grad Blog geht es nicht nur um uns \u2013 es geht vor allem um Euch! Nutzt die Themen, um mit uns und untereinander ins Gespr\u00e4ch zu kommen. Von Euren Kommentaren profitieren unsere Beitr\u00e4ge und spannende Diskussionen inspirieren uns. Wir freuen uns auf Eure Kommentare und Blickwinkel. <br style=\"clear: both;\" \/><\/p>\n<section class=\"content_paragraph\">Wir sind offen f\u00fcr Eure Meinungen und wissen hilfreiche Beitr\u00e4ge zu sch\u00e4tzen. Dabei sehen wir es als selbstverst\u00e4ndlich an, dass der Austausch <strong>freundlich und respektvoll<\/strong> stattfindet. Damit jeder Spa\u00df am Lesen, Teilen und Posten hat, bitten wir Euch die folgenden Spielregeln einzuhalten:<\/section>\n<section class=\"content_paragraph\">\n<ol>\n<li>Kommuniziert mit Spa\u00df! Dabei ist ein fairer Umgang miteinander die Grundlage.<\/li>\n<li>Vermeidet bitte die Ver\u00f6ffentlichung von pers\u00f6nlichen Daten oder anderer vertraulichen Informationen in Kommentaren! Bei individuellen Problemen erreicht Ihr uns per E-Mail unter <a href=\"mailto:blog@21-grad.de\">blog@21-grad.de<\/a>.<\/li>\n<li>Gebt bei Euren Kommentaren Euern Namen und optional Eure E-Mail-Adresse an. Eure Daten werden ausschlie\u00dflich zur Verifizierung Eurer Kommentare verwendet. Die E-Mail-Adresse wird streng vertraulich behandelt und nicht ver\u00f6ffentlicht.<\/li>\n<li>Die 21 grad Redaktion l\u00f6scht Kommentare, Bilder oder Links, die andere Leser beleidigen oder private Konflikte austragen, rassistische, jugendgef\u00e4hrdende, sexistische oder anderweitig diskriminierende bzw. rechtswidrige Positionen implizieren. <strong>Kommerzielle Inhalte, Verletzungen des Urheber- und Pers\u00f6nlichkeitsrechts sowie Fremdwerbung werden ebenfalls entfernt.<\/strong><\/li>\n<li>Dar\u00fcber hinaus beenden wir Diskussionen, wenn sie sich zu weit weg von dem eigentlichen Thema des Beitrages entfernen, sowie der Gro\u00dfteil der Kommentare gegen unsere Spielregeln verst\u00f6\u00dft.<\/li>\n<li>Eure Kommentare spiegeln allein Eure Meinung wider. Bitte beachtet vor allem, dass Euch die Rechte zur Verbreitung der von Euch ver\u00f6ffentlichen Inhalten vorliegen. F\u00fcr Richtigkeit und Vollst\u00e4ndigkeit der Inhalte \u00fcbernehmen wir keinerlei Gew\u00e4hr.<\/li>\n<\/ol>\n<p>Nat\u00fcrlich m\u00f6chten wir uns immer schnellstm\u00f6glich um Eure Fragen und Anregungen k\u00fcmmern. Kommentiert Ihr au\u00dferhalb unserer Gesch\u00e4ftszeiten, beantworten wir Eure Anregung zum n\u00e4chstm\u00f6glichen Zeitpunkt.<\/p>\n<p><strong>Wir freuen uns, mit Euch ins Gespr\u00e4ch zu kommen!<\/strong><\/p>\n<p><strong>Eure 21 grad Redaktion<\/strong><\/p>\n<\/section>\n<\/section>\n<\/section>\n","protected":false},"excerpt":{"rendered":"<p>Liebe 21 grad Leser, in unserem 21 grad Blog geht es nicht nur um uns \u2013 es geht vor allem um Euch! Nutzt die Themen, um mit uns und untereinander ins Gespr\u00e4ch zu kommen. Von Euren Kommentaren profitieren unsere Beitr\u00e4ge und spannende Diskussionen inspirieren uns. Wir freuen uns auf Eure Kommentare und Blickwinkel. Wir sind&#8230;  <a class=\"excerpt-read-more\" href=\"https:\/\/www.vaillant.de\/21-grad\/netiquette\/\" title=\"Read Netiquette\">Read more &raquo;<\/a><\/p>\n","protected":false},"author":1,"featured_media":0,"parent":0,"menu_order":0,"comment_status":"closed","ping_status":"closed","template":"","meta":{"footnotes":""},"coauthors":[67],"class_list":["post-24","page","type-page","status-publish","hentry"],"yoast_head":"<!-- This site is optimized with the Yoast SEO plugin v27.4 - https:\/\/yoast.com\/product\/yoast-seo-wordpress\/ -->\n<title>Netiquette | 21 grad<\/title>\n<meta name=\"description\" content=\"Seid nett zueinander: Hier erfahrt ihr die Hausregeln, die f\u00fcr das Miteinander in den 21 grad-Kommentaren gelten. Jetzt lesen und informieren!\" \/>\n<meta name=\"robots\" content=\"index, follow, max-snippet:-1, max-image-preview:large, max-video-preview:-1\" \/>\n<link rel=\"canonical\" href=\"https:\/\/www.vaillant.de\/21-grad\/netiquette\/\" \/>\n<meta property=\"og:locale\" content=\"de_DE\" \/>\n<meta property=\"og:type\" content=\"article\" \/>\n<meta property=\"og:title\" content=\"Netiquette | 21 grad\" \/>\n<meta property=\"og:description\" content=\"Seid nett zueinander: Hier erfahrt ihr die Hausregeln, die f\u00fcr das Miteinander in den 21 grad-Kommentaren gelten. Jetzt lesen und informieren!\" \/>\n<meta property=\"og:url\" content=\"https:\/\/www.vaillant.de\/21-grad\/netiquette\/\" \/>\n<meta property=\"og:site_name\" content=\"21 grad\" \/>\n<meta property=\"article:publisher\" content=\"https:\/\/www.facebook.com\/21grad\/\" \/>\n<meta property=\"article:modified_time\" content=\"2022-07-21T07:37:00+00:00\" \/>\n<meta name=\"twitter:card\" content=\"summary_large_image\" \/>\n<meta name=\"twitter:site\" content=\"@vaillant_de\" \/>\n<meta name=\"twitter:label1\" content=\"Gesch\u00e4tzte Lesezeit\" \/>\n\t<meta name=\"twitter:data1\" content=\"2\u00a0Minuten\" \/>\n\t<meta name=\"twitter:label2\" content=\"Written by\" \/>\n\t<meta name=\"twitter:data2\" content=\"Stephan\" \/>\n<script type=\"application\/ld+json\" class=\"yoast-schema-graph\">{\"@context\":\"https:\\\/\\\/schema.org\",\"@graph\":[{\"@type\":\"WebPage\",\"@id\":\"https:\\\/\\\/www.vaillant.de\\\/21-grad\\\/netiquette\\\/\",\"url\":\"https:\\\/\\\/www.vaillant.de\\\/21-grad\\\/netiquette\\\/\",\"name\":\"Netiquette | 21 grad\",\"isPartOf\":{\"@id\":\"https:\\\/\\\/www.vaillant.de\\\/21-grad\\\/#website\"},\"datePublished\":\"2015-11-17T17:34:30+00:00\",\"dateModified\":\"2022-07-21T07:37:00+00:00\",\"description\":\"Seid nett zueinander: Hier erfahrt ihr die Hausregeln, die f\u00fcr das Miteinander in den 21 grad-Kommentaren gelten. Jetzt lesen und informieren!\",\"breadcrumb\":{\"@id\":\"https:\\\/\\\/www.vaillant.de\\\/21-grad\\\/netiquette\\\/#breadcrumb\"},\"inLanguage\":\"de\",\"potentialAction\":[{\"@type\":\"ReadAction\",\"target\":[\"https:\\\/\\\/www.vaillant.de\\\/21-grad\\\/netiquette\\\/\"]}]},{\"@type\":\"BreadcrumbList\",\"@id\":\"https:\\\/\\\/www.vaillant.de\\\/21-grad\\\/netiquette\\\/#breadcrumb\",\"itemListElement\":[{\"@type\":\"ListItem\",\"position\":1,\"name\":\"Startseite\",\"item\":\"https:\\\/\\\/www.vaillant.de\\\/21-grad\\\/\"},{\"@type\":\"ListItem\",\"position\":2,\"name\":\"Netiquette\"}]},{\"@type\":\"WebSite\",\"@id\":\"https:\\\/\\\/www.vaillant.de\\\/21-grad\\\/#website\",\"url\":\"https:\\\/\\\/www.vaillant.de\\\/21-grad\\\/\",\"name\":\"21 grad\",\"description\":\"Der Blog f\u00fcr Menschen, die weiterdenken\",\"potentialAction\":[{\"@type\":\"SearchAction\",\"target\":{\"@type\":\"EntryPoint\",\"urlTemplate\":\"https:\\\/\\\/www.vaillant.de\\\/21-grad\\\/?s={search_term_string}\"},\"query-input\":{\"@type\":\"PropertyValueSpecification\",\"valueRequired\":true,\"valueName\":\"search_term_string\"}}],\"inLanguage\":\"de\"}]}<\/script>\n<!-- \/ Yoast SEO plugin. -->","yoast_head_json":{"title":"Netiquette | 21 grad","description":"Seid nett zueinander: Hier erfahrt ihr die Hausregeln, die f\u00fcr das Miteinander in den 21 grad-Kommentaren gelten. Jetzt lesen und informieren!","robots":{"index":"index","follow":"follow","max-snippet":"max-snippet:-1","max-image-preview":"max-image-preview:large","max-video-preview":"max-video-preview:-1"},"canonical":"https:\/\/www.vaillant.de\/21-grad\/netiquette\/","og_locale":"de_DE","og_type":"article","og_title":"Netiquette | 21 grad","og_description":"Seid nett zueinander: Hier erfahrt ihr die Hausregeln, die f\u00fcr das Miteinander in den 21 grad-Kommentaren gelten. Jetzt lesen und informieren!","og_url":"https:\/\/www.vaillant.de\/21-grad\/netiquette\/","og_site_name":"21 grad","article_publisher":"https:\/\/www.facebook.com\/21grad\/","article_modified_time":"2022-07-21T07:37:00+00:00","twitter_card":"summary_large_image","twitter_site":"@vaillant_de","twitter_misc":{"Gesch\u00e4tzte Lesezeit":"2\u00a0Minuten","Written by":"Stephan"},"schema":{"@context":"https:\/\/schema.org","@graph":[{"@type":"WebPage","@id":"https:\/\/www.vaillant.de\/21-grad\/netiquette\/","url":"https:\/\/www.vaillant.de\/21-grad\/netiquette\/","name":"Netiquette | 21 grad","isPartOf":{"@id":"https:\/\/www.vaillant.de\/21-grad\/#website"},"datePublished":"2015-11-17T17:34:30+00:00","dateModified":"2022-07-21T07:37:00+00:00","description":"Seid nett zueinander: Hier erfahrt ihr die Hausregeln, die f\u00fcr das Miteinander in den 21 grad-Kommentaren gelten. Jetzt lesen und informieren!","breadcrumb":{"@id":"https:\/\/www.vaillant.de\/21-grad\/netiquette\/#breadcrumb"},"inLanguage":"de","potentialAction":[{"@type":"ReadAction","target":["https:\/\/www.vaillant.de\/21-grad\/netiquette\/"]}]},{"@type":"BreadcrumbList","@id":"https:\/\/www.vaillant.de\/21-grad\/netiquette\/#breadcrumb","itemListElement":[{"@type":"ListItem","position":1,"name":"Startseite","item":"https:\/\/www.vaillant.de\/21-grad\/"},{"@type":"ListItem","position":2,"name":"Netiquette"}]},{"@type":"WebSite","@id":"https:\/\/www.vaillant.de\/21-grad\/#website","url":"https:\/\/www.vaillant.de\/21-grad\/","name":"21 grad","description":"Der Blog f\u00fcr Menschen, die weiterdenken","potentialAction":[{"@type":"SearchAction","target":{"@type":"EntryPoint","urlTemplate":"https:\/\/www.vaillant.de\/21-grad\/?s={search_term_string}"},"query-input":{"@type":"PropertyValueSpecification","valueRequired":true,"valueName":"search_term_string"}}],"inLanguage":"de"}]}},"_links":{"self":[{"href":"https:\/\/www.vaillant.de\/21-grad\/wp-json\/wp\/v2\/pages\/24","targetHints":{"allow":["GET"]}}],"collection":[{"href":"https:\/\/www.vaillant.de\/21-grad\/wp-json\/wp\/v2\/pages"}],"about":[{"href":"https:\/\/www.vaillant.de\/21-grad\/wp-json\/wp\/v2\/types\/page"}],"author":[{"embeddable":true,"href":"https:\/\/www.vaillant.de\/21-grad\/wp-json\/wp\/v2\/users\/1"}],"replies":[{"embeddable":true,"href":"https:\/\/www.vaillant.de\/21-grad\/wp-json\/wp\/v2\/comments?post=24"}],"version-history":[{"count":13,"href":"https:\/\/www.vaillant.de\/21-grad\/wp-json\/wp\/v2\/pages\/24\/revisions"}],"predecessor-version":[{"id":7251,"href":"https:\/\/www.vaillant.de\/21-grad\/wp-json\/wp\/v2\/pages\/24\/revisions\/7251"}],"wp:attachment":[{"href":"https:\/\/www.vaillant.de\/21-grad\/wp-json\/wp\/v2\/media?parent=24"}],"wp:term":[{"taxonomy":"author","embeddable":true,"href":"https:\/\/www.vaillant.de\/21-grad\/wp-json\/wp\/v2\/coauthors?post=24"}],"curies":[{"name":"wp","href":"https:\/\/api.w.org\/{rel}","templated":true}]}}